{"id":4958,"date":"2026-04-17T12:27:55","date_gmt":"2026-04-17T10:27:55","guid":{"rendered":"https:\/\/qwellness.es\/?post_type=product&#038;p=4958"},"modified":"2026-04-21T14:20:02","modified_gmt":"2026-04-21T12:20:02","slug":"reserva-casal-destiu-2026","status":"publish","type":"product","link":"https:\/\/qwellness.es\/es\/product\/reserva-casal-destiu-2026\/","title":{"rendered":"Reserva Casal d&#8217;estiu 2026"},"content":{"rendered":"","protected":false},"excerpt":{"rendered":"<p data-start=\"183\" data-end=\"342\">La pla\u00e7a quedar\u00e0 confirmada un cop efectuat aquest pagament i haver omplert correctament el formulari d\u2019inscripci\u00f3:<br data-start=\"298\" data-end=\"301\" \/>\ud83d\udc49 <a class=\"decorated-link\" href=\"https:\/\/qwellness.es\/casal-estiu-2026\/\" target=\"_new\" rel=\"noopener\" data-start=\"304\" data-end=\"342\">https:\/\/qwellness.es\/casal-estiu-2026\/<\/a><\/p>\n<p data-start=\"344\" data-end=\"431\">La resta del pagament s\u2019haur\u00e0 de realitzar com a m\u00e0xim el dia de la reuni\u00f3 informativa.<\/p>\n","protected":false},"featured_media":4845,"template":"","meta":{"_acf_changed":false,"inline_featured_image":false},"product_brand":[],"product_cat":[68],"product_tag":[],"class_list":{"0":"post-4958","1":"product","2":"type-product","3":"status-publish","4":"has-post-thumbnail","6":"product_cat-uncategorized","8":"first","9":"instock","10":"taxable","11":"shipping-taxable","12":"purchasable","13":"product-type-simple"},"acf":[],"yoast_head":"<!-- This site is optimized with the Yoast SEO plugin v27.4 - https:\/\/yoast.com\/product\/yoast-seo-wordpress\/ -->\n<title>Reserva Casal d&#039;estiu 2026 - Qwellness<\/title>\n<meta name=\"robots\" content=\"index, follow, max-snippet:-1, max-image-preview:large, max-video-preview:-1\" \/>\n<link rel=\"canonical\" href=\"https:\/\/qwellness.es\/es\/product\/reserva-casal-destiu-2026\/\" \/>\n<meta property=\"og:locale\" content=\"es_ES\" \/>\n<meta property=\"og:type\" content=\"article\" \/>\n<meta property=\"og:title\" content=\"Reserva Casal d&#039;estiu 2026 - Qwellness\" \/>\n<meta property=\"og:description\" content=\"La pla\u00e7a quedar\u00e0 confirmada un cop efectuat aquest pagament i haver omplert correctament el formulari d\u2019inscripci\u00f3:\ud83d\udc49 https:\/\/qwellness.es\/casal-estiu-2026\/ La resta del pagament s\u2019haur\u00e0 de realitzar com a m\u00e0xim el dia de la reuni\u00f3 informativa.\" \/>\n<meta property=\"og:url\" content=\"https:\/\/qwellness.es\/es\/product\/reserva-casal-destiu-2026\/\" \/>\n<meta property=\"og:site_name\" content=\"Qwellness\" \/>\n<meta property=\"article:modified_time\" content=\"2026-04-21T12:20:02+00:00\" \/>\n<meta property=\"og:image\" content=\"https:\/\/qwellness.es\/wp-content\/uploads\/2026\/03\/casal-2026-687x1024.png\" \/>\n\t<meta property=\"og:image:width\" content=\"687\" \/>\n\t<meta property=\"og:image:height\" content=\"1024\" \/>\n\t<meta property=\"og:image:type\" content=\"image\/png\" \/>\n<meta name=\"twitter:card\" content=\"summary_large_image\" \/>\n<script type=\"application\/ld+json\" class=\"yoast-schema-graph\">{\"@context\":\"https:\\\/\\\/schema.org\",\"@graph\":[{\"@type\":\"WebPage\",\"@id\":\"https:\\\/\\\/qwellness.es\\\/es\\\/product\\\/reserva-casal-destiu-2026\\\/\",\"url\":\"https:\\\/\\\/qwellness.es\\\/es\\\/product\\\/reserva-casal-destiu-2026\\\/\",\"name\":\"Reserva Casal d'estiu 2026 - Qwellness\",\"isPartOf\":{\"@id\":\"https:\\\/\\\/qwellness.es\\\/es\\\/#website\"},\"primaryImageOfPage\":{\"@id\":\"https:\\\/\\\/qwellness.es\\\/es\\\/product\\\/reserva-casal-destiu-2026\\\/#primaryimage\"},\"image\":{\"@id\":\"https:\\\/\\\/qwellness.es\\\/es\\\/product\\\/reserva-casal-destiu-2026\\\/#primaryimage\"},\"thumbnailUrl\":\"https:\\\/\\\/qwellness.es\\\/wp-content\\\/uploads\\\/2026\\\/03\\\/casal-2026.png\",\"datePublished\":\"2026-04-17T10:27:55+00:00\",\"dateModified\":\"2026-04-21T12:20:02+00:00\",\"breadcrumb\":{\"@id\":\"https:\\\/\\\/qwellness.es\\\/es\\\/product\\\/reserva-casal-destiu-2026\\\/#breadcrumb\"},\"inLanguage\":\"es\",\"potentialAction\":[{\"@type\":\"ReadAction\",\"target\":[\"https:\\\/\\\/qwellness.es\\\/es\\\/product\\\/reserva-casal-destiu-2026\\\/\"]}]},{\"@type\":\"ImageObject\",\"inLanguage\":\"es\",\"@id\":\"https:\\\/\\\/qwellness.es\\\/es\\\/product\\\/reserva-casal-destiu-2026\\\/#primaryimage\",\"url\":\"https:\\\/\\\/qwellness.es\\\/wp-content\\\/uploads\\\/2026\\\/03\\\/casal-2026.png\",\"contentUrl\":\"https:\\\/\\\/qwellness.es\\\/wp-content\\\/uploads\\\/2026\\\/03\\\/casal-2026.png\",\"width\":1696,\"height\":2528},{\"@type\":\"BreadcrumbList\",\"@id\":\"https:\\\/\\\/qwellness.es\\\/es\\\/product\\\/reserva-casal-destiu-2026\\\/#breadcrumb\",\"itemListElement\":[{\"@type\":\"ListItem\",\"position\":1,\"name\":\"Inici\",\"item\":\"https:\\\/\\\/qwellness.es\\\/es\\\/\"},{\"@type\":\"ListItem\",\"position\":2,\"name\":\"Shop\",\"item\":\"https:\\\/\\\/qwellness.es\\\/shop\\\/\"},{\"@type\":\"ListItem\",\"position\":3,\"name\":\"Reserva Casal d&#8217;estiu 2026\"}]},{\"@type\":\"WebSite\",\"@id\":\"https:\\\/\\\/qwellness.es\\\/es\\\/#website\",\"url\":\"https:\\\/\\\/qwellness.es\\\/es\\\/\",\"name\":\"Qwellness\",\"description\":\"Quality Fitness Club\",\"publisher\":{\"@id\":\"https:\\\/\\\/qwellness.es\\\/es\\\/#organization\"},\"potentialAction\":[{\"@type\":\"SearchAction\",\"target\":{\"@type\":\"EntryPoint\",\"urlTemplate\":\"https:\\\/\\\/qwellness.es\\\/es\\\/?s={search_term_string}\"},\"query-input\":{\"@type\":\"PropertyValueSpecification\",\"valueRequired\":true,\"valueName\":\"search_term_string\"}}],\"inLanguage\":\"es\"},{\"@type\":\"Organization\",\"@id\":\"https:\\\/\\\/qwellness.es\\\/es\\\/#organization\",\"name\":\"Qwellness\",\"url\":\"https:\\\/\\\/qwellness.es\\\/es\\\/\",\"logo\":{\"@type\":\"ImageObject\",\"inLanguage\":\"es\",\"@id\":\"https:\\\/\\\/qwellness.es\\\/es\\\/#\\\/schema\\\/logo\\\/image\\\/\",\"url\":\"https:\\\/\\\/qwellness.es\\\/wp-content\\\/uploads\\\/2024\\\/01\\\/logo.svg\",\"contentUrl\":\"https:\\\/\\\/qwellness.es\\\/wp-content\\\/uploads\\\/2024\\\/01\\\/logo.svg\",\"width\":204,\"height\":49,\"caption\":\"Qwellness\"},\"image\":{\"@id\":\"https:\\\/\\\/qwellness.es\\\/es\\\/#\\\/schema\\\/logo\\\/image\\\/\"}}]}<\/script>\n<!-- \/ Yoast SEO plugin. -->","yoast_head_json":{"title":"Reserva Casal d'estiu 2026 - Qwellness","robots":{"index":"index","follow":"follow","max-snippet":"max-snippet:-1","max-image-preview":"max-image-preview:large","max-video-preview":"max-video-preview:-1"},"canonical":"https:\/\/qwellness.es\/es\/product\/reserva-casal-destiu-2026\/","og_locale":"es_ES","og_type":"article","og_title":"Reserva Casal d'estiu 2026 - Qwellness","og_description":"La pla\u00e7a quedar\u00e0 confirmada un cop efectuat aquest pagament i haver omplert correctament el formulari d\u2019inscripci\u00f3:\ud83d\udc49 https:\/\/qwellness.es\/casal-estiu-2026\/ La resta del pagament s\u2019haur\u00e0 de realitzar com a m\u00e0xim el dia de la reuni\u00f3 informativa.","og_url":"https:\/\/qwellness.es\/es\/product\/reserva-casal-destiu-2026\/","og_site_name":"Qwellness","article_modified_time":"2026-04-21T12:20:02+00:00","og_image":[{"width":687,"height":1024,"url":"https:\/\/qwellness.es\/wp-content\/uploads\/2026\/03\/casal-2026-687x1024.png","type":"image\/png"}],"twitter_card":"summary_large_image","schema":{"@context":"https:\/\/schema.org","@graph":[{"@type":"WebPage","@id":"https:\/\/qwellness.es\/es\/product\/reserva-casal-destiu-2026\/","url":"https:\/\/qwellness.es\/es\/product\/reserva-casal-destiu-2026\/","name":"Reserva Casal d'estiu 2026 - Qwellness","isPartOf":{"@id":"https:\/\/qwellness.es\/es\/#website"},"primaryImageOfPage":{"@id":"https:\/\/qwellness.es\/es\/product\/reserva-casal-destiu-2026\/#primaryimage"},"image":{"@id":"https:\/\/qwellness.es\/es\/product\/reserva-casal-destiu-2026\/#primaryimage"},"thumbnailUrl":"https:\/\/qwellness.es\/wp-content\/uploads\/2026\/03\/casal-2026.png","datePublished":"2026-04-17T10:27:55+00:00","dateModified":"2026-04-21T12:20:02+00:00","breadcrumb":{"@id":"https:\/\/qwellness.es\/es\/product\/reserva-casal-destiu-2026\/#breadcrumb"},"inLanguage":"es","potentialAction":[{"@type":"ReadAction","target":["https:\/\/qwellness.es\/es\/product\/reserva-casal-destiu-2026\/"]}]},{"@type":"ImageObject","inLanguage":"es","@id":"https:\/\/qwellness.es\/es\/product\/reserva-casal-destiu-2026\/#primaryimage","url":"https:\/\/qwellness.es\/wp-content\/uploads\/2026\/03\/casal-2026.png","contentUrl":"https:\/\/qwellness.es\/wp-content\/uploads\/2026\/03\/casal-2026.png","width":1696,"height":2528},{"@type":"BreadcrumbList","@id":"https:\/\/qwellness.es\/es\/product\/reserva-casal-destiu-2026\/#breadcrumb","itemListElement":[{"@type":"ListItem","position":1,"name":"Inici","item":"https:\/\/qwellness.es\/es\/"},{"@type":"ListItem","position":2,"name":"Shop","item":"https:\/\/qwellness.es\/shop\/"},{"@type":"ListItem","position":3,"name":"Reserva Casal d&#8217;estiu 2026"}]},{"@type":"WebSite","@id":"https:\/\/qwellness.es\/es\/#website","url":"https:\/\/qwellness.es\/es\/","name":"Qwellness","description":"Quality Fitness Club","publisher":{"@id":"https:\/\/qwellness.es\/es\/#organization"},"potentialAction":[{"@type":"SearchAction","target":{"@type":"EntryPoint","urlTemplate":"https:\/\/qwellness.es\/es\/?s={search_term_string}"},"query-input":{"@type":"PropertyValueSpecification","valueRequired":true,"valueName":"search_term_string"}}],"inLanguage":"es"},{"@type":"Organization","@id":"https:\/\/qwellness.es\/es\/#organization","name":"Qwellness","url":"https:\/\/qwellness.es\/es\/","logo":{"@type":"ImageObject","inLanguage":"es","@id":"https:\/\/qwellness.es\/es\/#\/schema\/logo\/image\/","url":"https:\/\/qwellness.es\/wp-content\/uploads\/2024\/01\/logo.svg","contentUrl":"https:\/\/qwellness.es\/wp-content\/uploads\/2024\/01\/logo.svg","width":204,"height":49,"caption":"Qwellness"},"image":{"@id":"https:\/\/qwellness.es\/es\/#\/schema\/logo\/image\/"}}]}},"_links":{"self":[{"href":"https:\/\/qwellness.es\/es\/wp-json\/wp\/v2\/product\/4958","targetHints":{"allow":["GET"]}}],"collection":[{"href":"https:\/\/qwellness.es\/es\/wp-json\/wp\/v2\/product"}],"about":[{"href":"https:\/\/qwellness.es\/es\/wp-json\/wp\/v2\/types\/product"}],"wp:featuredmedia":[{"embeddable":true,"href":"https:\/\/qwellness.es\/es\/wp-json\/wp\/v2\/media\/4845"}],"wp:attachment":[{"href":"https:\/\/qwellness.es\/es\/wp-json\/wp\/v2\/media?parent=4958"}],"wp:term":[{"taxonomy":"product_brand","embeddable":true,"href":"https:\/\/qwellness.es\/es\/wp-json\/wp\/v2\/product_brand?post=4958"},{"taxonomy":"product_cat","embeddable":true,"href":"https:\/\/qwellness.es\/es\/wp-json\/wp\/v2\/product_cat?post=4958"},{"taxonomy":"product_tag","embeddable":true,"href":"https:\/\/qwellness.es\/es\/wp-json\/wp\/v2\/product_tag?post=4958"}],"curies":[{"name":"wp","href":"https:\/\/api.w.org\/{rel}","templated":true}]}}