{"id":3268,"date":"2025-06-26T14:35:43","date_gmt":"2025-06-26T12:35:43","guid":{"rendered":"https:\/\/qwellness.es\/?post_type=product&#038;p=3268"},"modified":"2026-01-12T12:25:19","modified_gmt":"2026-01-12T11:25:19","slug":"mensual-totdia-dte","status":"publish","type":"product","link":"https:\/\/qwellness.es\/es\/product\/mensual-totdia-dte\/","title":{"rendered":"Mensual TotDia Dte"},"content":{"rendered":"<p>FAMILIAR: Pare, mare, germans o parella s\u00f3n socis EMPRESES: Si ja tenim conveni amb la teva empresa 2 o m\u00e9s companys teus s\u00f3n socis. Tens dubtes? escriu a empreses@qwellness.es.<br \/>\nInclou: D\u00edes del mes \u00b7 descompte familiar o empresa \u00b7 D\u00edes del mes \u00b7 matr\u00edcula (18\u20ac) i asseguran\u00e7a (18\u20ac)<br \/>\n<strong>(el proper mes pagar\u00e0s 65,59\u20ac)<\/strong><\/p>\n","protected":false},"excerpt":{"rendered":"<p><span style=\"font-size: 10pt;\"><em>*Promoci\u00f3 per a socis amb m\u00e9s de 4 mesos d\u2019inactivitat<\/em><\/span><br \/>\n<span style=\"font-size: 10pt;\"><em>*Cadenat i targeta obligatori<\/em><\/span><br \/>\n<span style=\"font-size: 10pt;\"><em>*Disposes de 3 mesos per activar el pack<\/em><\/span><\/p>\n","protected":false},"featured_media":3262,"template":"","meta":{"_acf_changed":false,"inline_featured_image":false},"product_brand":[],"product_cat":[71],"product_tag":[],"class_list":{"0":"post-3268","1":"product","2":"type-product","3":"status-publish","4":"has-post-thumbnail","6":"product_cat-mensuals","8":"first","9":"instock","10":"taxable","11":"shipping-taxable","12":"purchasable","13":"product-type-simple"},"acf":[],"yoast_head":"<!-- This site is optimized with the Yoast SEO plugin v27.4 - https:\/\/yoast.com\/product\/yoast-seo-wordpress\/ -->\n<title>Mensual TotDia Dte - Qwellness<\/title>\n<meta name=\"robots\" content=\"index, follow, max-snippet:-1, max-image-preview:large, max-video-preview:-1\" \/>\n<link rel=\"canonical\" href=\"https:\/\/qwellness.es\/es\/product\/mensual-totdia-dte\/\" \/>\n<meta property=\"og:locale\" content=\"es_ES\" \/>\n<meta property=\"og:type\" content=\"article\" \/>\n<meta property=\"og:title\" content=\"Mensual TotDia Dte - Qwellness\" \/>\n<meta property=\"og:description\" content=\"*Promoci\u00f3 per a socis amb m\u00e9s de 4 mesos d\u2019inactivitat *Cadenat i targeta obligatori *Disposes de 3 mesos per activar el pack\" \/>\n<meta property=\"og:url\" content=\"https:\/\/qwellness.es\/es\/product\/mensual-totdia-dte\/\" \/>\n<meta property=\"og:site_name\" content=\"Qwellness\" \/>\n<meta property=\"article:modified_time\" content=\"2026-01-12T11:25:19+00:00\" \/>\n<meta property=\"og:image\" content=\"https:\/\/qwellness.es\/wp-content\/uploads\/2025\/06\/copia-de-amarillo-blanco-mujer-foto-verano-cuaderno-bitcora-miniatura-youtube-1-1000x1000-1.jpg\" \/>\n\t<meta property=\"og:image:width\" content=\"1000\" \/>\n\t<meta property=\"og:image:height\" content=\"1000\" \/>\n\t<meta property=\"og:image:type\" content=\"image\/jpeg\" \/>\n<meta name=\"twitter:card\" content=\"summary_large_image\" \/>\n<meta name=\"twitter:label1\" content=\"Tiempo de lectura\" \/>\n\t<meta name=\"twitter:data1\" content=\"1 minuto\" \/>\n<script type=\"application\/ld+json\" class=\"yoast-schema-graph\">{\"@context\":\"https:\\\/\\\/schema.org\",\"@graph\":[{\"@type\":\"WebPage\",\"@id\":\"https:\\\/\\\/qwellness.es\\\/es\\\/product\\\/mensual-totdia-dte\\\/\",\"url\":\"https:\\\/\\\/qwellness.es\\\/es\\\/product\\\/mensual-totdia-dte\\\/\",\"name\":\"Mensual TotDia Dte - Qwellness\",\"isPartOf\":{\"@id\":\"https:\\\/\\\/qwellness.es\\\/es\\\/#website\"},\"primaryImageOfPage\":{\"@id\":\"https:\\\/\\\/qwellness.es\\\/es\\\/product\\\/mensual-totdia-dte\\\/#primaryimage\"},\"image\":{\"@id\":\"https:\\\/\\\/qwellness.es\\\/es\\\/product\\\/mensual-totdia-dte\\\/#primaryimage\"},\"thumbnailUrl\":\"https:\\\/\\\/qwellness.es\\\/wp-content\\\/uploads\\\/2025\\\/06\\\/copia-de-amarillo-blanco-mujer-foto-verano-cuaderno-bitcora-miniatura-youtube-1-1000x1000-1.jpg\",\"datePublished\":\"2025-06-26T12:35:43+00:00\",\"dateModified\":\"2026-01-12T11:25:19+00:00\",\"breadcrumb\":{\"@id\":\"https:\\\/\\\/qwellness.es\\\/es\\\/product\\\/mensual-totdia-dte\\\/#breadcrumb\"},\"inLanguage\":\"es\",\"potentialAction\":[{\"@type\":\"ReadAction\",\"target\":[\"https:\\\/\\\/qwellness.es\\\/es\\\/product\\\/mensual-totdia-dte\\\/\"]}]},{\"@type\":\"ImageObject\",\"inLanguage\":\"es\",\"@id\":\"https:\\\/\\\/qwellness.es\\\/es\\\/product\\\/mensual-totdia-dte\\\/#primaryimage\",\"url\":\"https:\\\/\\\/qwellness.es\\\/wp-content\\\/uploads\\\/2025\\\/06\\\/copia-de-amarillo-blanco-mujer-foto-verano-cuaderno-bitcora-miniatura-youtube-1-1000x1000-1.jpg\",\"contentUrl\":\"https:\\\/\\\/qwellness.es\\\/wp-content\\\/uploads\\\/2025\\\/06\\\/copia-de-amarillo-blanco-mujer-foto-verano-cuaderno-bitcora-miniatura-youtube-1-1000x1000-1.jpg\",\"width\":1000,\"height\":1000},{\"@type\":\"BreadcrumbList\",\"@id\":\"https:\\\/\\\/qwellness.es\\\/es\\\/product\\\/mensual-totdia-dte\\\/#breadcrumb\",\"itemListElement\":[{\"@type\":\"ListItem\",\"position\":1,\"name\":\"Inici\",\"item\":\"https:\\\/\\\/qwellness.es\\\/es\\\/\"},{\"@type\":\"ListItem\",\"position\":2,\"name\":\"Shop\",\"item\":\"https:\\\/\\\/qwellness.es\\\/shop\\\/\"},{\"@type\":\"ListItem\",\"position\":3,\"name\":\"Mensual TotDia Dte\"}]},{\"@type\":\"WebSite\",\"@id\":\"https:\\\/\\\/qwellness.es\\\/es\\\/#website\",\"url\":\"https:\\\/\\\/qwellness.es\\\/es\\\/\",\"name\":\"Qwellness\",\"description\":\"Quality Fitness Club\",\"publisher\":{\"@id\":\"https:\\\/\\\/qwellness.es\\\/es\\\/#organization\"},\"potentialAction\":[{\"@type\":\"SearchAction\",\"target\":{\"@type\":\"EntryPoint\",\"urlTemplate\":\"https:\\\/\\\/qwellness.es\\\/es\\\/?s={search_term_string}\"},\"query-input\":{\"@type\":\"PropertyValueSpecification\",\"valueRequired\":true,\"valueName\":\"search_term_string\"}}],\"inLanguage\":\"es\"},{\"@type\":\"Organization\",\"@id\":\"https:\\\/\\\/qwellness.es\\\/es\\\/#organization\",\"name\":\"Qwellness\",\"url\":\"https:\\\/\\\/qwellness.es\\\/es\\\/\",\"logo\":{\"@type\":\"ImageObject\",\"inLanguage\":\"es\",\"@id\":\"https:\\\/\\\/qwellness.es\\\/es\\\/#\\\/schema\\\/logo\\\/image\\\/\",\"url\":\"https:\\\/\\\/qwellness.es\\\/wp-content\\\/uploads\\\/2024\\\/01\\\/logo.svg\",\"contentUrl\":\"https:\\\/\\\/qwellness.es\\\/wp-content\\\/uploads\\\/2024\\\/01\\\/logo.svg\",\"width\":204,\"height\":49,\"caption\":\"Qwellness\"},\"image\":{\"@id\":\"https:\\\/\\\/qwellness.es\\\/es\\\/#\\\/schema\\\/logo\\\/image\\\/\"}}]}<\/script>\n<!-- \/ Yoast SEO plugin. -->","yoast_head_json":{"title":"Mensual TotDia Dte - Qwellness","robots":{"index":"index","follow":"follow","max-snippet":"max-snippet:-1","max-image-preview":"max-image-preview:large","max-video-preview":"max-video-preview:-1"},"canonical":"https:\/\/qwellness.es\/es\/product\/mensual-totdia-dte\/","og_locale":"es_ES","og_type":"article","og_title":"Mensual TotDia Dte - Qwellness","og_description":"*Promoci\u00f3 per a socis amb m\u00e9s de 4 mesos d\u2019inactivitat *Cadenat i targeta obligatori *Disposes de 3 mesos per activar el pack","og_url":"https:\/\/qwellness.es\/es\/product\/mensual-totdia-dte\/","og_site_name":"Qwellness","article_modified_time":"2026-01-12T11:25:19+00:00","og_image":[{"width":1000,"height":1000,"url":"https:\/\/qwellness.es\/wp-content\/uploads\/2025\/06\/copia-de-amarillo-blanco-mujer-foto-verano-cuaderno-bitcora-miniatura-youtube-1-1000x1000-1.jpg","type":"image\/jpeg"}],"twitter_card":"summary_large_image","twitter_misc":{"Tiempo de lectura":"1 minuto"},"schema":{"@context":"https:\/\/schema.org","@graph":[{"@type":"WebPage","@id":"https:\/\/qwellness.es\/es\/product\/mensual-totdia-dte\/","url":"https:\/\/qwellness.es\/es\/product\/mensual-totdia-dte\/","name":"Mensual TotDia Dte - Qwellness","isPartOf":{"@id":"https:\/\/qwellness.es\/es\/#website"},"primaryImageOfPage":{"@id":"https:\/\/qwellness.es\/es\/product\/mensual-totdia-dte\/#primaryimage"},"image":{"@id":"https:\/\/qwellness.es\/es\/product\/mensual-totdia-dte\/#primaryimage"},"thumbnailUrl":"https:\/\/qwellness.es\/wp-content\/uploads\/2025\/06\/copia-de-amarillo-blanco-mujer-foto-verano-cuaderno-bitcora-miniatura-youtube-1-1000x1000-1.jpg","datePublished":"2025-06-26T12:35:43+00:00","dateModified":"2026-01-12T11:25:19+00:00","breadcrumb":{"@id":"https:\/\/qwellness.es\/es\/product\/mensual-totdia-dte\/#breadcrumb"},"inLanguage":"es","potentialAction":[{"@type":"ReadAction","target":["https:\/\/qwellness.es\/es\/product\/mensual-totdia-dte\/"]}]},{"@type":"ImageObject","inLanguage":"es","@id":"https:\/\/qwellness.es\/es\/product\/mensual-totdia-dte\/#primaryimage","url":"https:\/\/qwellness.es\/wp-content\/uploads\/2025\/06\/copia-de-amarillo-blanco-mujer-foto-verano-cuaderno-bitcora-miniatura-youtube-1-1000x1000-1.jpg","contentUrl":"https:\/\/qwellness.es\/wp-content\/uploads\/2025\/06\/copia-de-amarillo-blanco-mujer-foto-verano-cuaderno-bitcora-miniatura-youtube-1-1000x1000-1.jpg","width":1000,"height":1000},{"@type":"BreadcrumbList","@id":"https:\/\/qwellness.es\/es\/product\/mensual-totdia-dte\/#breadcrumb","itemListElement":[{"@type":"ListItem","position":1,"name":"Inici","item":"https:\/\/qwellness.es\/es\/"},{"@type":"ListItem","position":2,"name":"Shop","item":"https:\/\/qwellness.es\/shop\/"},{"@type":"ListItem","position":3,"name":"Mensual TotDia Dte"}]},{"@type":"WebSite","@id":"https:\/\/qwellness.es\/es\/#website","url":"https:\/\/qwellness.es\/es\/","name":"Qwellness","description":"Quality Fitness Club","publisher":{"@id":"https:\/\/qwellness.es\/es\/#organization"},"potentialAction":[{"@type":"SearchAction","target":{"@type":"EntryPoint","urlTemplate":"https:\/\/qwellness.es\/es\/?s={search_term_string}"},"query-input":{"@type":"PropertyValueSpecification","valueRequired":true,"valueName":"search_term_string"}}],"inLanguage":"es"},{"@type":"Organization","@id":"https:\/\/qwellness.es\/es\/#organization","name":"Qwellness","url":"https:\/\/qwellness.es\/es\/","logo":{"@type":"ImageObject","inLanguage":"es","@id":"https:\/\/qwellness.es\/es\/#\/schema\/logo\/image\/","url":"https:\/\/qwellness.es\/wp-content\/uploads\/2024\/01\/logo.svg","contentUrl":"https:\/\/qwellness.es\/wp-content\/uploads\/2024\/01\/logo.svg","width":204,"height":49,"caption":"Qwellness"},"image":{"@id":"https:\/\/qwellness.es\/es\/#\/schema\/logo\/image\/"}}]}},"_links":{"self":[{"href":"https:\/\/qwellness.es\/es\/wp-json\/wp\/v2\/product\/3268","targetHints":{"allow":["GET"]}}],"collection":[{"href":"https:\/\/qwellness.es\/es\/wp-json\/wp\/v2\/product"}],"about":[{"href":"https:\/\/qwellness.es\/es\/wp-json\/wp\/v2\/types\/product"}],"wp:featuredmedia":[{"embeddable":true,"href":"https:\/\/qwellness.es\/es\/wp-json\/wp\/v2\/media\/3262"}],"wp:attachment":[{"href":"https:\/\/qwellness.es\/es\/wp-json\/wp\/v2\/media?parent=3268"}],"wp:term":[{"taxonomy":"product_brand","embeddable":true,"href":"https:\/\/qwellness.es\/es\/wp-json\/wp\/v2\/product_brand?post=3268"},{"taxonomy":"product_cat","embeddable":true,"href":"https:\/\/qwellness.es\/es\/wp-json\/wp\/v2\/product_cat?post=3268"},{"taxonomy":"product_tag","embeddable":true,"href":"https:\/\/qwellness.es\/es\/wp-json\/wp\/v2\/product_tag?post=3268"}],"curies":[{"name":"wp","href":"https:\/\/api.w.org\/{rel}","templated":true}]}}